{"id":25716,"date":"2020-03-25T10:50:08","date_gmt":"2020-03-25T15:50:08","guid":{"rendered":"https:\/\/www.hawksvillafrancalaw.com\/other-services\/"},"modified":"2023-10-17T08:47:48","modified_gmt":"2023-10-17T13:47:48","slug":"que-hacemos","status":"publish","type":"page","link":"https:\/\/hawksvillafrancalaw.com\/es\/que-hacemos\/","title":{"rendered":"QU\u00c9 HACEMOS"},"content":{"rendered":"<div class=\"wpb-content-wrapper\"><p>[vc_row][vc_column]<div class=\"clearboth\"><\/div><style>#thegem-divider-69f8584359168 {margin-top: 20px !important;}<\/style><div id=\"thegem-divider-69f8584359168\" class=\"gem-divider  \" style=\"\" ><\/div>[\/vc_column][\/vc_row][vc_row full_width=&#8221;stretch_row_content_no_spaces&#8221; equal_height=&#8221;yes&#8221; content_placement=&#8221;middle&#8221; css=&#8221;.vc_custom_1584985050354{margin-bottom: 0px !important;padding-bottom: 0px !important;}&#8221;][vc_column width=&#8221;1\/2&#8243; css_animation=&#8221;bottom-to-top&#8221; css=&#8221;.vc_custom_1584981049010{background-position: center !important;background-repeat: no-repeat !important;background-size: cover !important;}&#8221;]<div class=\"gem-image gem-wrapbox gem-wrapbox-style-5 gem-wrapbox-position-below\"  style=\"\"><div class=\"gem-wrapbox-inner \" ><img class=\"gem-wrapbox-element img-responsive\" src=\"https:\/\/hawksvillafrancalaw.com\/wp-content\/uploads\/2020\/04\/passport-flag.png\" alt=\"\"\/><\/div><\/div>[\/vc_column][vc_column width=&#8221;1\/2&#8243; disable_custom_paddings_tablet=&#8221;true&#8221; disable_custom_paddings_mobile=&#8221;true&#8221; css=&#8221;.vc_custom_1542290229812{padding-right: 110px !important;padding-left: 110px !important;}&#8221;][vc_row_inner][vc_column_inner offset=&#8221;vc_hidden-xs&#8221;][\/vc_column_inner][\/vc_row_inner][vc_column_text css_animation=&#8221;bottom-to-top&#8221;]<\/p>\n<h2 style=\"text-align: center;\"><span style=\"color: #2b7a78;\">SERVICIOS LEGALES DE <span class=\"light\" style=\"color: #d3a200;\">INMIGRACI\u00d3N<br \/>\n<\/span><\/span><\/h2>\n<p>[\/vc_column_text]<div class=\"clearboth\"><\/div><style>#thegem-divider-69f8584359683 {margin-top: 30px !important;}<\/style><div id=\"thegem-divider-69f8584359683\" class=\"gem-divider  \" style=\"\" ><\/div>[vc_column_text css_animation=&#8221;bottom-to-top&#8221;]En Hawks Villafranca Law proporcionamos orientaci\u00f3n a familias e individuos en su recorrido migratorio en los Estados Unidos. Podemos ayudarte a obtener o renovar tu estatus DACA, a obtener una visa o green card para los miembros de su familia, a convertirte en ciudadano estadounidense o a sacar ventaja de muchos otros beneficios migratorios. Ll\u00e1manos para programar una evaluaci\u00f3n integral de tu caso con un abogado de inmigraci\u00f3n experto y confiable. \u00a1Nos encantar\u00eda ayudarte![\/vc_column_text]<div class=\"clearboth\"><\/div><style>#thegem-divider-69f85843596c1 {margin-top: 30px !important;}<\/style><div id=\"thegem-divider-69f85843596c1\" class=\"gem-divider  \" style=\"\" ><\/div>[vc_row_inner gap=&#8221;3&#8243;][vc_column_inner width=&#8221;1\/2&#8243;]<div class=\"gem-list gem-list-type-star\" ><ul>\n<li>DACA<\/li>\n<li>Ciudadan\u00eda<\/li>\n<li>Visa basada en la Familia y Green Cards<\/li>\n<li>An\u00e1lisis del Historial de Inmigraci\u00f3n<\/li>\n<li>An\u00e1lisis de los Antecedentes Penales<\/li>\n<li>Dispensas de Inmigraci\u00f3n<\/li>\n<li>Informe Consular de Nacimiento en el Extranjero<\/li>\n<li>Pasaportes Estadounidenses<\/li>\n<\/ul>\n<\/div>[\/vc_column_inner][vc_column_inner width=&#8221;1\/2&#8243;]<div class=\"gem-list gem-list-type-star\" ><ul>\n<li>Inmigraci\u00f3n de Negocios<\/li>\n<li>Visas de Inversionistas<\/li>\n<li>Visas de Estudiantes<\/li>\n<li>Apelaciones<\/li>\n<li>Global Entry<\/li>\n<li>Enlace del N\u00famero de Seguridad Social (SSN)<\/li>\n<li>Eliminaci\u00f3n de Condiciones en Green Card<\/li>\n<li>Renovaci\u00f3n de Green Card<\/li>\n<\/ul>\n<\/div>[\/vc_column_inner][\/vc_row_inner][\/vc_column][\/vc_row][vc_row][vc_column]<div class=\"clearboth\"><\/div><style>#thegem-divider-69f8584359811 {margin-top: 20px !important;}<\/style><div id=\"thegem-divider-69f8584359811\" class=\"gem-divider  \" style=\"\" ><\/div>[\/vc_column][\/vc_row]<\/p>\n<\/div>","protected":false},"excerpt":{"rendered":"<p>[vc_row][vc_column][\/vc_column][\/vc_row][vc_row full_width=&#8221;stretch_row_content_no_spaces&#8221; equal_height=&#8221;yes&#8221; content_placement=&#8221;middle&#8221; css=&#8221;.vc_custom_1584985050354{margin-bottom: 0px !important;padding-bottom: 0px !important;}&#8221;][vc_column width=&#8221;1\/2&#8243; css_animation=&#8221;bottom-to-top&#8221; css=&#8221;.vc_custom_1584981049010{background-position: center !important;background-repeat: no-repeat !important;background-size: cover !important;}&#8221;][\/vc_column][vc_column width=&#8221;1\/2&#8243; disable_custom_paddings_tablet=&#8221;true&#8221;&#8230;<\/p>\n","protected":false},"author":1,"featured_media":0,"parent":0,"menu_order":0,"comment_status":"closed","ping_status":"closed","template":"","meta":{"footnotes":""},"class_list":["post-25716","page","type-page","status-publish"],"_links":{"self":[{"href":"https:\/\/hawksvillafrancalaw.com\/es\/wp-json\/wp\/v2\/pages\/25716","targetHints":{"allow":["GET"]}}],"collection":[{"href":"https:\/\/hawksvillafrancalaw.com\/es\/wp-json\/wp\/v2\/pages"}],"about":[{"href":"https:\/\/hawksvillafrancalaw.com\/es\/wp-json\/wp\/v2\/types\/page"}],"author":[{"embeddable":true,"href":"https:\/\/hawksvillafrancalaw.com\/es\/wp-json\/wp\/v2\/users\/1"}],"replies":[{"embeddable":true,"href":"https:\/\/hawksvillafrancalaw.com\/es\/wp-json\/wp\/v2\/comments?post=25716"}],"version-history":[{"count":0,"href":"https:\/\/hawksvillafrancalaw.com\/es\/wp-json\/wp\/v2\/pages\/25716\/revisions"}],"wp:attachment":[{"href":"https:\/\/hawksvillafrancalaw.com\/es\/wp-json\/wp\/v2\/media?parent=25716"}],"curies":[{"name":"wp","href":"https:\/\/api.w.org\/{rel}","templated":true}]}}